{"id":14,"date":"2012-12-27T13:37:41","date_gmt":"2012-12-27T13:37:41","guid":{"rendered":"http:\/\/www.l\u00fcs.com\/zuloblanco\/?page_id=9"},"modified":"2017-04-17T10:29:52","modified_gmt":"2017-04-17T10:29:52","slug":"nosaltres","status":"publish","type":"page","link":"https:\/\/zuloblanco.com\/?page_id=14","title":{"rendered":"nosotros"},"content":{"rendered":"<p>Para nosotros es dif\u00edcil definirnos.<\/p>\n<p>Quiz\u00e1s podr\u00edamos empezar diciendo que no somos una gran empresa. Zulo blanco es un peque\u00f1o taller de encuadernaci\u00f3n fotogr\u00e1fica donde nos gusta lo que hacemos.<\/p>\n<p>Nacemos como marca para aglutinar los diferentes servicios de encuadernaci\u00f3n que hasta ahora ofrec\u00edamos como laboratorio fotogr\u00e1fico Neo 30,&nbsp; concibiendo el \u00e1lbum de fotos<b>&nbsp;<\/b> como el resultado de un trabajo en equipo.<\/p>\n<p>Nuestros trabajos est\u00e1n sujetos a las caracter\u00edsticas especiales del papel fotogr\u00e1fico, a un proceso completamente manual y sobretodo a las necesidades de nuestros clientes.<\/p>\n<p>Os invitamos a dar un paseo por los diferentes modelos que hemos ido trabajando hasta hoy y tambi\u00e9n a proponernos nuevas ideas.<\/p>\n<p>&nbsp;<\/p>\n<p>Nos podeis seguir en &nbsp;<\/p>\n<p>&nbsp;<\/p>\n<p><a href=\"https:\/\/www.facebook.com\/neo30albums\/\"><img decoding=\"async\" loading=\"lazy\" class=\"alignnone wp-image-2857\" src=\"https:\/\/zuloblanco.com\/wp-content\/uploads\/2012\/12\/descarga.png\" alt=\"\" width=\"84\" height=\"45\" srcset=\"https:\/\/zuloblanco.com\/wp-content\/uploads\/2012\/12\/descarga.png 306w, https:\/\/zuloblanco.com\/wp-content\/uploads\/2012\/12\/descarga-300x162.png 300w\" sizes=\"(max-width: 84px) 100vw, 84px\" \/><\/a>&nbsp; &nbsp; &nbsp;<a href=\"https:\/\/www.instagram.com\/zuloblanco\/\"><img decoding=\"async\" loading=\"lazy\" class=\"alignnone wp-image-2858\" src=\"https:\/\/zuloblanco.com\/wp-content\/uploads\/2012\/12\/images.png\" alt=\"\" width=\"44\" height=\"45\" srcset=\"https:\/\/zuloblanco.com\/wp-content\/uploads\/2012\/12\/images.png 225w, https:\/\/zuloblanco.com\/wp-content\/uploads\/2012\/12\/images-150x150.png 150w\" sizes=\"(max-width: 44px) 100vw, 44px\" \/><\/a><\/p>\n","protected":false},"excerpt":{"rendered":"<p>Para nosotros es dif\u00edcil definirnos. Quiz\u00e1s podr\u00edamos empezar diciendo que no somos una gran empresa. Zulo blanco es un peque\u00f1o taller de encuadernaci\u00f3n fotogr\u00e1fica donde nos gusta lo que hacemos. Nacemos como marca para aglutinar los diferentes servicios de encuadernaci\u00f3n que hasta ahora ofrec\u00edamos como laboratorio fotogr\u00e1fico Neo 30,&nbsp; concibiendo el \u00e1lbum de fotos&nbsp; como [&hellip;]<\/p>\n","protected":false},"author":1,"featured_media":0,"parent":0,"menu_order":0,"comment_status":"open","ping_status":"open","template":"","meta":{"ngg_post_thumbnail":0},"_links":{"self":[{"href":"https:\/\/zuloblanco.com\/index.php?rest_route=\/wp\/v2\/pages\/14"}],"collection":[{"href":"https:\/\/zuloblanco.com\/index.php?rest_route=\/wp\/v2\/pages"}],"about":[{"href":"https:\/\/zuloblanco.com\/index.php?rest_route=\/wp\/v2\/types\/page"}],"author":[{"embeddable":true,"href":"https:\/\/zuloblanco.com\/index.php?rest_route=\/wp\/v2\/users\/1"}],"replies":[{"embeddable":true,"href":"https:\/\/zuloblanco.com\/index.php?rest_route=%2Fwp%2Fv2%2Fcomments&post=14"}],"version-history":[{"count":12,"href":"https:\/\/zuloblanco.com\/index.php?rest_route=\/wp\/v2\/pages\/14\/revisions"}],"predecessor-version":[{"id":3174,"href":"https:\/\/zuloblanco.com\/index.php?rest_route=\/wp\/v2\/pages\/14\/revisions\/3174"}],"wp:attachment":[{"href":"https:\/\/zuloblanco.com\/index.php?rest_route=%2Fwp%2Fv2%2Fmedia&parent=14"}],"curies":[{"name":"wp","href":"https:\/\/api.w.org\/{rel}","templated":true}]}}